{"id":461,"date":"2020-12-16T13:26:50","date_gmt":"2020-12-16T13:26:50","guid":{"rendered":"https:\/\/www.vongottberg.com\/?page_id=461"},"modified":"2025-09-01T14:34:33","modified_gmt":"2025-09-01T14:34:33","slug":"imprint","status":"publish","type":"page","link":"https:\/\/vongottberg.com\/en\/imprint\/","title":{"rendered":"Imprint"},"content":{"rendered":"\n<p><strong>von Gottberg GmbH<\/strong><br>Trakehner Stra\u00dfe 7-9<br>60487 Frankfurt am Main<br>Telefon: +49 69 6605779-0<br>Fax: +49 69 6605779-29<br>Email: frankfurt@vongottberg.com<\/p>\n\n\n\n<p><strong>Gesch\u00e4ftsf\u00fchrender Gesellschafter:<\/strong><br>Stefan Ohlow<\/p>\n\n\n\n<p><strong>Registry Court:<\/strong><br>Registered Office: Frankfurt am Main<br>Amtsgericht Frankfurt HRB 28 607<br>USt-Id-Nr.: DE 114227123<\/p>\n\n\n\n<p><strong>Disclaimer<\/strong>:<br>Our offer contains links to external websites of third parties, on whose content we have no influence. Therefore, we cannot assume any liability for the external content. The respective provider or operator of the pages is always responsible for the content of the linked pages. The linked pages were checked for possible legal violations at the time of linking. Illegal content was not recognizable at the time of linking.<\/p>\n\n\n\n<p>However, a permanent control of the content of the linked pages is not reasonable without concrete evidence of a violation of the law. If we become aware of any infringements, we will remove such links immediately.<\/p>\n\n\n\n<p style=\"font-size:11px\"><strong>Photo\u00a0credits<\/strong>: Adobe Stock: Monkey Business, #84436703 &#8211; Adobe Stock: engel.ac, #118521689 &#8211; Adobe Stock: walipix, #184554758 &#8211; Adobe Stock: fizkes, #261821156 &#8211; Adobe Stock: mitrija, #68115641 &#8211; 123RF: Feng Yu, #22829774 &#8211; Adobe Stock: zhu difeng, #703960511 &#8211; Adobe Stock: mavoimages, #222880542 &#8211; Adobe Stock: WrightStudio, #479785754<\/p>\n","protected":false},"excerpt":{"rendered":"<p>von Gottberg GmbHTrakehner Stra\u00dfe 7-960487 Frankfurt am MainTelefon: +49 69 6605779-0Fax: +49 69 6605779-29Email: frankfurt@vongottberg.com Gesch\u00e4ftsf\u00fchrender Gesellschafter:Stefan Ohlow Registry Court:Registered Office: Frankfurt am MainAmtsgericht Frankfurt HRB 28 607USt-Id-Nr.: DE 114227123 Disclaimer:Our offer contains links to external websites of third parties, on whose content we have no influence. Therefore, we cannot assume any liability for the external content. The respective provider or operator of the pages is always responsible for the content of the linked pages. The linked pages were checked for possible legal violations at the time of linking. Illegal content was not recognizable at the time of linking. However, [&hellip;]<\/p>\n","protected":false},"author":2,"featured_media":0,"parent":0,"menu_order":0,"comment_status":"closed","ping_status":"closed","template":"tpl_container.php","meta":{"_acf_changed":false,"footnotes":""},"class_list":["post-461","page","type-page","status-publish","hentry"],"acf":[],"yoast_head":"<!-- This site is optimized with the Yoast SEO plugin v27.5 - https:\/\/yoast.com\/product\/yoast-seo-wordpress\/ -->\n<title>Imprint - VON GOTTBERG<\/title>\n<meta name=\"description\" content=\"Imprint - VON GOTTBERG\" \/>\n<meta name=\"robots\" content=\"index, follow, max-snippet:-1, max-image-preview:large, max-video-preview:-1\" \/>\n<link rel=\"canonical\" href=\"https:\/\/vongottberg.com\/en\/imprint\/\" \/>\n<meta property=\"og:locale\" content=\"en_US\" \/>\n<meta property=\"og:type\" content=\"article\" \/>\n<meta property=\"og:title\" content=\"Imprint - VON GOTTBERG\" \/>\n<meta property=\"og:description\" content=\"Imprint - VON GOTTBERG\" \/>\n<meta property=\"og:url\" content=\"https:\/\/vongottberg.com\/en\/imprint\/\" \/>\n<meta property=\"og:site_name\" content=\"VON GOTTBERG\" \/>\n<meta property=\"article:modified_time\" content=\"2025-09-01T14:34:33+00:00\" \/>\n<meta name=\"twitter:card\" content=\"summary_large_image\" \/>\n<meta name=\"twitter:label1\" content=\"Est. reading time\" \/>\n\t<meta name=\"twitter:data1\" content=\"2 minutes\" \/>\n<script type=\"application\/ld+json\" class=\"yoast-schema-graph\">{\"@context\":\"https:\\\/\\\/schema.org\",\"@graph\":[{\"@type\":\"WebPage\",\"@id\":\"https:\\\/\\\/vongottberg.com\\\/en\\\/imprint\\\/\",\"url\":\"https:\\\/\\\/vongottberg.com\\\/en\\\/imprint\\\/\",\"name\":\"Imprint - VON GOTTBERG\",\"isPartOf\":{\"@id\":\"https:\\\/\\\/vongottberg.com\\\/en\\\/#website\"},\"datePublished\":\"2020-12-16T13:26:50+00:00\",\"dateModified\":\"2025-09-01T14:34:33+00:00\",\"description\":\"Imprint - VON GOTTBERG\",\"breadcrumb\":{\"@id\":\"https:\\\/\\\/vongottberg.com\\\/en\\\/imprint\\\/#breadcrumb\"},\"inLanguage\":\"en-US\",\"potentialAction\":[{\"@type\":\"ReadAction\",\"target\":[\"https:\\\/\\\/vongottberg.com\\\/en\\\/imprint\\\/\"]}]},{\"@type\":\"BreadcrumbList\",\"@id\":\"https:\\\/\\\/vongottberg.com\\\/en\\\/imprint\\\/#breadcrumb\",\"itemListElement\":[{\"@type\":\"ListItem\",\"position\":1,\"name\":\"Home\",\"item\":\"https:\\\/\\\/vongottberg.com\\\/en\\\/\"},{\"@type\":\"ListItem\",\"position\":2,\"name\":\"Imprint\"}]},{\"@type\":\"WebSite\",\"@id\":\"https:\\\/\\\/vongottberg.com\\\/en\\\/#website\",\"url\":\"https:\\\/\\\/vongottberg.com\\\/en\\\/\",\"name\":\"von Gottberg\",\"description\":\"\",\"publisher\":{\"@id\":\"https:\\\/\\\/vongottberg.com\\\/en\\\/#organization\"},\"potentialAction\":[{\"@type\":\"SearchAction\",\"target\":{\"@type\":\"EntryPoint\",\"urlTemplate\":\"https:\\\/\\\/vongottberg.com\\\/en\\\/?s={search_term_string}\"},\"query-input\":{\"@type\":\"PropertyValueSpecification\",\"valueRequired\":true,\"valueName\":\"search_term_string\"}}],\"inLanguage\":\"en-US\"},{\"@type\":\"Organization\",\"@id\":\"https:\\\/\\\/vongottberg.com\\\/en\\\/#organization\",\"name\":\"von Gottberg\",\"url\":\"https:\\\/\\\/vongottberg.com\\\/en\\\/\",\"logo\":{\"@type\":\"ImageObject\",\"inLanguage\":\"en-US\",\"@id\":\"https:\\\/\\\/vongottberg.com\\\/en\\\/#\\\/schema\\\/logo\\\/image\\\/\",\"url\":\"https:\\\/\\\/vongottberg.com\\\/wp-content\\\/uploads\\\/vonGottberg-logo-dark.png\",\"contentUrl\":\"https:\\\/\\\/vongottberg.com\\\/wp-content\\\/uploads\\\/vonGottberg-logo-dark.png\",\"width\":1399,\"height\":131,\"caption\":\"von Gottberg\"},\"image\":{\"@id\":\"https:\\\/\\\/vongottberg.com\\\/en\\\/#\\\/schema\\\/logo\\\/image\\\/\"}}]}<\/script>\n<!-- \/ Yoast SEO plugin. -->","yoast_head_json":{"title":"Imprint - VON GOTTBERG","description":"Imprint - VON GOTTBERG","robots":{"index":"index","follow":"follow","max-snippet":"max-snippet:-1","max-image-preview":"max-image-preview:large","max-video-preview":"max-video-preview:-1"},"canonical":"https:\/\/vongottberg.com\/en\/imprint\/","og_locale":"en_US","og_type":"article","og_title":"Imprint - VON GOTTBERG","og_description":"Imprint - VON GOTTBERG","og_url":"https:\/\/vongottberg.com\/en\/imprint\/","og_site_name":"VON GOTTBERG","article_modified_time":"2025-09-01T14:34:33+00:00","twitter_card":"summary_large_image","twitter_misc":{"Est. reading time":"2 minutes"},"schema":{"@context":"https:\/\/schema.org","@graph":[{"@type":"WebPage","@id":"https:\/\/vongottberg.com\/en\/imprint\/","url":"https:\/\/vongottberg.com\/en\/imprint\/","name":"Imprint - VON GOTTBERG","isPartOf":{"@id":"https:\/\/vongottberg.com\/en\/#website"},"datePublished":"2020-12-16T13:26:50+00:00","dateModified":"2025-09-01T14:34:33+00:00","description":"Imprint - VON GOTTBERG","breadcrumb":{"@id":"https:\/\/vongottberg.com\/en\/imprint\/#breadcrumb"},"inLanguage":"en-US","potentialAction":[{"@type":"ReadAction","target":["https:\/\/vongottberg.com\/en\/imprint\/"]}]},{"@type":"BreadcrumbList","@id":"https:\/\/vongottberg.com\/en\/imprint\/#breadcrumb","itemListElement":[{"@type":"ListItem","position":1,"name":"Home","item":"https:\/\/vongottberg.com\/en\/"},{"@type":"ListItem","position":2,"name":"Imprint"}]},{"@type":"WebSite","@id":"https:\/\/vongottberg.com\/en\/#website","url":"https:\/\/vongottberg.com\/en\/","name":"von Gottberg","description":"","publisher":{"@id":"https:\/\/vongottberg.com\/en\/#organization"},"potentialAction":[{"@type":"SearchAction","target":{"@type":"EntryPoint","urlTemplate":"https:\/\/vongottberg.com\/en\/?s={search_term_string}"},"query-input":{"@type":"PropertyValueSpecification","valueRequired":true,"valueName":"search_term_string"}}],"inLanguage":"en-US"},{"@type":"Organization","@id":"https:\/\/vongottberg.com\/en\/#organization","name":"von Gottberg","url":"https:\/\/vongottberg.com\/en\/","logo":{"@type":"ImageObject","inLanguage":"en-US","@id":"https:\/\/vongottberg.com\/en\/#\/schema\/logo\/image\/","url":"https:\/\/vongottberg.com\/wp-content\/uploads\/vonGottberg-logo-dark.png","contentUrl":"https:\/\/vongottberg.com\/wp-content\/uploads\/vonGottberg-logo-dark.png","width":1399,"height":131,"caption":"von Gottberg"},"image":{"@id":"https:\/\/vongottberg.com\/en\/#\/schema\/logo\/image\/"}}]}},"_links":{"self":[{"href":"https:\/\/vongottberg.com\/en\/wp-json\/wp\/v2\/pages\/461","targetHints":{"allow":["GET"]}}],"collection":[{"href":"https:\/\/vongottberg.com\/en\/wp-json\/wp\/v2\/pages"}],"about":[{"href":"https:\/\/vongottberg.com\/en\/wp-json\/wp\/v2\/types\/page"}],"author":[{"embeddable":true,"href":"https:\/\/vongottberg.com\/en\/wp-json\/wp\/v2\/users\/2"}],"replies":[{"embeddable":true,"href":"https:\/\/vongottberg.com\/en\/wp-json\/wp\/v2\/comments?post=461"}],"version-history":[{"count":14,"href":"https:\/\/vongottberg.com\/en\/wp-json\/wp\/v2\/pages\/461\/revisions"}],"predecessor-version":[{"id":1533,"href":"https:\/\/vongottberg.com\/en\/wp-json\/wp\/v2\/pages\/461\/revisions\/1533"}],"wp:attachment":[{"href":"https:\/\/vongottberg.com\/en\/wp-json\/wp\/v2\/media?parent=461"}],"curies":[{"name":"wp","href":"https:\/\/api.w.org\/{rel}","templated":true}]}}